{"id":205,"date":"2018-05-29T12:21:03","date_gmt":"2018-05-29T10:21:03","guid":{"rendered":"http:\/\/project.jochenhunger.com\/?page_id=205"},"modified":"2019-07-03T07:04:06","modified_gmt":"2019-07-03T05:04:06","slug":"kontakt-impressum","status":"publish","type":"page","link":"https:\/\/jochenhunger.com\/en\/kontakt-impressum\/","title":{"rendered":"Kontakt\/ Impressum"},"content":{"rendered":"<p>JOCHEN HUNGER<br \/>\nMuseum &amp; exhibition design<br \/>\nGerberei 19 91054 Erlangen<br \/>\nDeutschland<br \/>\nT ++49 (0)9131 8299 791<br \/>\nF ++49 (0)9131 8299 794<\/p>\n<p><a href=\"mailto:kontakt@jochenhunger.com\">kontakt@jochenhunger.com<\/a><br \/>\n<a title=\"www.jochenhunger.com\" href=\"https:\/\/jochenhunger.com\/en\/\">www.jochenhunger.com<\/a><\/p>\n<p>&#8211; Steuernummer: 216 231 81232<br \/>\n&#8211; Ust ID: DE212343103<\/p>\n<p>Inhaltlich Verantwortlicher gem\u00e4ss \u00a7 10 Absatz 3 MDStV: Jochen Hunger<br \/>\nHaftungshinweis: Trotz sorgf\u00e4ltiger inhaltlicher Kontrolle \u00fcbernehmen wir keine Haftung f\u00fcr die Inhalte externer Links. F\u00fcr den Inhalt der verlinkten Seiten sind ausschliesslich deren Betreiber verantwortlich<\/p>","protected":false},"excerpt":{"rendered":"<p>JOCHEN HUNGER Museum &amp; exhibition design Gerberei 19 91054 Erlangen Deutschland T ++49 (0)9131 8299 791 F ++49 (0)9131 8299 794 kontakt@jochenhunger.com www.jochenhunger.com &#8211; Steuernummer: 216 231 81232 &#8211; Ust ID: DE212343103 Inhaltlich Verantwortlicher gem\u00e4ss \u00a7 10 Absatz 3 MDStV: Jochen Hunger Haftungshinweis: Trotz sorgf\u00e4ltiger inhaltlicher Kontrolle \u00fcbernehmen wir keine Haftung f\u00fcr die Inhalte externer <a href=\"https:\/\/jochenhunger.com\/en\/kontakt-impressum\/\" class=\"more-link\">[&hellip;]<\/a><\/p>\n","protected":false},"author":1,"featured_media":0,"parent":0,"menu_order":0,"comment_status":"closed","ping_status":"closed","template":"","meta":{"footnotes":""},"class_list":["entry","author-jochenhunger","post-205","page","type-page","status-publish","odd"],"yoast_head":"<!-- This site is optimized with the Yoast SEO plugin v26.8 - https:\/\/yoast.com\/product\/yoast-seo-wordpress\/ -->\n<title>Kontakt\/ Impressum - Jochen Hunger<\/title>\n<meta name=\"robots\" content=\"index, follow, max-snippet:-1, max-image-preview:large, max-video-preview:-1\" \/>\n<link rel=\"canonical\" href=\"https:\/\/jochenhunger.com\/en\/kontakt-impressum\/\" \/>\n<meta property=\"og:locale\" content=\"en_GB\" \/>\n<meta property=\"og:type\" content=\"article\" \/>\n<meta property=\"og:title\" content=\"Kontakt\/ Impressum - Jochen Hunger\" \/>\n<meta property=\"og:description\" content=\"JOCHEN HUNGER Museum &amp; exhibition design Gerberei 19 91054 Erlangen Deutschland T ++49 (0)9131 8299 791 F ++49 (0)9131 8299 794 kontakt@jochenhunger.com www.jochenhunger.com &#8211; Steuernummer: 216 231 81232 &#8211; Ust ID: DE212343103 Inhaltlich Verantwortlicher gem\u00e4ss \u00a7 10 Absatz 3 MDStV: Jochen Hunger Haftungshinweis: Trotz sorgf\u00e4ltiger inhaltlicher Kontrolle \u00fcbernehmen wir keine Haftung f\u00fcr die Inhalte externer [&hellip;]\" \/>\n<meta property=\"og:url\" content=\"https:\/\/jochenhunger.com\/en\/kontakt-impressum\/\" \/>\n<meta property=\"og:site_name\" content=\"Jochen Hunger\" \/>\n<meta property=\"article:modified_time\" content=\"2019-07-03T05:04:06+00:00\" \/>\n<meta name=\"twitter:card\" content=\"summary_large_image\" \/>\n<script type=\"application\/ld+json\" class=\"yoast-schema-graph\">{\"@context\":\"https:\/\/schema.org\",\"@graph\":[{\"@type\":\"WebPage\",\"@id\":\"https:\/\/jochenhunger.com\/kontakt-impressum\/\",\"url\":\"https:\/\/jochenhunger.com\/kontakt-impressum\/\",\"name\":\"Kontakt\/ Impressum - Jochen Hunger\",\"isPartOf\":{\"@id\":\"http:\/\/jochenhunger.com\/#website\"},\"datePublished\":\"2018-05-29T10:21:03+00:00\",\"dateModified\":\"2019-07-03T05:04:06+00:00\",\"breadcrumb\":{\"@id\":\"https:\/\/jochenhunger.com\/kontakt-impressum\/#breadcrumb\"},\"inLanguage\":\"en-GB\",\"potentialAction\":[{\"@type\":\"ReadAction\",\"target\":[\"https:\/\/jochenhunger.com\/kontakt-impressum\/\"]}]},{\"@type\":\"BreadcrumbList\",\"@id\":\"https:\/\/jochenhunger.com\/kontakt-impressum\/#breadcrumb\",\"itemListElement\":[{\"@type\":\"ListItem\",\"position\":1,\"name\":\"Startseite\",\"item\":\"http:\/\/jochenhunger.com\/\"},{\"@type\":\"ListItem\",\"position\":2,\"name\":\"Kontakt\/ Impressum\"}]},{\"@type\":\"WebSite\",\"@id\":\"http:\/\/jochenhunger.com\/#website\",\"url\":\"http:\/\/jochenhunger.com\/\",\"name\":\"Jochen Hunger\",\"description\":\"Museum &amp; exhibition design\",\"potentialAction\":[{\"@type\":\"SearchAction\",\"target\":{\"@type\":\"EntryPoint\",\"urlTemplate\":\"http:\/\/jochenhunger.com\/?s={search_term_string}\"},\"query-input\":{\"@type\":\"PropertyValueSpecification\",\"valueRequired\":true,\"valueName\":\"search_term_string\"}}],\"inLanguage\":\"en-GB\"}]}<\/script>\n<!-- \/ Yoast SEO plugin. -->","yoast_head_json":{"title":"Kontakt\/ Impressum - Jochen Hunger","robots":{"index":"index","follow":"follow","max-snippet":"max-snippet:-1","max-image-preview":"max-image-preview:large","max-video-preview":"max-video-preview:-1"},"canonical":"https:\/\/jochenhunger.com\/en\/kontakt-impressum\/","og_locale":"en_GB","og_type":"article","og_title":"Kontakt\/ Impressum - Jochen Hunger","og_description":"JOCHEN HUNGER Museum &amp; exhibition design Gerberei 19 91054 Erlangen Deutschland T ++49 (0)9131 8299 791 F ++49 (0)9131 8299 794 kontakt@jochenhunger.com www.jochenhunger.com &#8211; Steuernummer: 216 231 81232 &#8211; Ust ID: DE212343103 Inhaltlich Verantwortlicher gem\u00e4ss \u00a7 10 Absatz 3 MDStV: Jochen Hunger Haftungshinweis: Trotz sorgf\u00e4ltiger inhaltlicher Kontrolle \u00fcbernehmen wir keine Haftung f\u00fcr die Inhalte externer [&hellip;]","og_url":"https:\/\/jochenhunger.com\/en\/kontakt-impressum\/","og_site_name":"Jochen Hunger","article_modified_time":"2019-07-03T05:04:06+00:00","twitter_card":"summary_large_image","schema":{"@context":"https:\/\/schema.org","@graph":[{"@type":"WebPage","@id":"https:\/\/jochenhunger.com\/kontakt-impressum\/","url":"https:\/\/jochenhunger.com\/kontakt-impressum\/","name":"Kontakt\/ Impressum - Jochen Hunger","isPartOf":{"@id":"http:\/\/jochenhunger.com\/#website"},"datePublished":"2018-05-29T10:21:03+00:00","dateModified":"2019-07-03T05:04:06+00:00","breadcrumb":{"@id":"https:\/\/jochenhunger.com\/kontakt-impressum\/#breadcrumb"},"inLanguage":"en-GB","potentialAction":[{"@type":"ReadAction","target":["https:\/\/jochenhunger.com\/kontakt-impressum\/"]}]},{"@type":"BreadcrumbList","@id":"https:\/\/jochenhunger.com\/kontakt-impressum\/#breadcrumb","itemListElement":[{"@type":"ListItem","position":1,"name":"Startseite","item":"http:\/\/jochenhunger.com\/"},{"@type":"ListItem","position":2,"name":"Kontakt\/ Impressum"}]},{"@type":"WebSite","@id":"http:\/\/jochenhunger.com\/#website","url":"http:\/\/jochenhunger.com\/","name":"Jochen Hunger","description":"Museum &amp; exhibition design","potentialAction":[{"@type":"SearchAction","target":{"@type":"EntryPoint","urlTemplate":"http:\/\/jochenhunger.com\/?s={search_term_string}"},"query-input":{"@type":"PropertyValueSpecification","valueRequired":true,"valueName":"search_term_string"}}],"inLanguage":"en-GB"}]}},"_links":{"self":[{"href":"https:\/\/jochenhunger.com\/en\/wp-json\/wp\/v2\/pages\/205","targetHints":{"allow":["GET"]}}],"collection":[{"href":"https:\/\/jochenhunger.com\/en\/wp-json\/wp\/v2\/pages"}],"about":[{"href":"https:\/\/jochenhunger.com\/en\/wp-json\/wp\/v2\/types\/page"}],"author":[{"embeddable":true,"href":"https:\/\/jochenhunger.com\/en\/wp-json\/wp\/v2\/users\/1"}],"replies":[{"embeddable":true,"href":"https:\/\/jochenhunger.com\/en\/wp-json\/wp\/v2\/comments?post=205"}],"version-history":[{"count":2,"href":"https:\/\/jochenhunger.com\/en\/wp-json\/wp\/v2\/pages\/205\/revisions"}],"predecessor-version":[{"id":770,"href":"https:\/\/jochenhunger.com\/en\/wp-json\/wp\/v2\/pages\/205\/revisions\/770"}],"wp:attachment":[{"href":"https:\/\/jochenhunger.com\/en\/wp-json\/wp\/v2\/media?parent=205"}],"curies":[{"name":"wp","href":"https:\/\/api.w.org\/{rel}","templated":true}]}}